{"id":622,"date":"2025-05-26T10:53:13","date_gmt":"2025-05-26T10:53:13","guid":{"rendered":"https:\/\/bufetelatorre.rkinformatika.online\/?page_id=622"},"modified":"2025-05-26T10:55:07","modified_gmt":"2025-05-26T10:55:07","slug":"aviso-de-privacidad","status":"publish","type":"page","link":"https:\/\/bufetelatorre.es\/en\/aviso-de-privacidad\/","title":{"rendered":"Privacy Notice"},"content":{"rendered":"<div data-elementor-type=\"wp-page\" data-elementor-id=\"622\" class=\"elementor elementor-622\" data-elementor-post-type=\"page\">\n\t\t\t\t<div class=\"elementor-element elementor-element-2e9512c e-flex e-con-boxed e-con e-parent\" data-id=\"2e9512c\" data-element_type=\"container\" data-e-type=\"container\">\n\t\t\t\t\t<div class=\"e-con-inner\">\n\t\t\t\t<div class=\"elementor-element elementor-element-f842837 elementor-widget elementor-widget-text-editor\" data-id=\"f842837\" data-element_type=\"widget\" data-e-type=\"widget\" data-widget_type=\"text-editor.default\">\n\t\t\t\t<div class=\"elementor-widget-container\">\n\t\t\t\t\t\t\t\t\t<h1>AVISO DE PRIVACIDAD<\/h1>\n<p>De conformidad con la Ley 34\/2002 de 11 de julio y dem\u00e1s legislaci\u00f3n concordante, MIGUEL \u00c1NGEL LATORRE GIMENO, manifiesta que su NIF es 31224813J, que cuenta con Domicilio Social en AVDA. ANA DE VIYA, 7 &#8211; OFICINA 201 &#8211; 11009 C\u00c1DIZ y email de contacto: <u><b>ml@bufetelatorre.com<\/b><\/u><\/p>\n<p><\/p>\n<p>Las presentes condiciones legales regulan el uso y las condiciones de acceso del sitio Web <b>HTTPS:\/\/WWW.BUFETELATORRE.ES<\/b> (de ahora en adelante el \u00absitio\u00bb). El uso o el acceso a este sitio implica que usted (en adelante \u00abusuario\u00bb) reconoce haber le\u00eddo y comprendido las presentes informaciones en su totalidad. Si usted como usuario no est\u00e1 de acuerdo con alguna de las presentes condiciones deber\u00e1 dejar de acceder a este sitio.<\/p>\t\t\t\t\t\t\t\t<\/div>\n\t\t\t\t<\/div>\n\t\t\t\t\t<\/div>\n\t\t\t\t<\/div>\n\t\t\t\t<\/div>","protected":false},"excerpt":{"rendered":"<p>AVISO DE PRIVACIDAD De conformidad con la Ley 34\/2002 de 11 de julio y dem\u00e1s legislaci\u00f3n concordante, MIGUEL \u00c1NGEL LATORRE GIMENO, manifiesta que su NIF es 31224813J, que cuenta con Domicilio Social en AVDA. ANA DE VIYA, 7 &#8211; OFICINA 201 &#8211; 11009 C\u00c1DIZ y email de contacto: ml@bufetelatorre.com Las presentes condiciones legales regulan el [&hellip;]<\/p>\n","protected":false},"author":1,"featured_media":0,"parent":0,"menu_order":0,"comment_status":"closed","ping_status":"closed","template":"","meta":{"footnotes":""},"class_list":["post-622","page","type-page","status-publish","hentry"],"yoast_head":"<!-- This site is optimized with the Yoast SEO plugin v27.5 - https:\/\/yoast.com\/product\/yoast-seo-wordpress\/ -->\n<title>Aviso de Privacidad - Bufete Latorre Abogados<\/title>\n<meta name=\"robots\" content=\"index, follow, max-snippet:-1, max-image-preview:large, max-video-preview:-1\" \/>\n<link rel=\"canonical\" href=\"https:\/\/bufetelatorre.es\/en\/aviso-de-privacidad\/\" \/>\n<meta property=\"og:locale\" content=\"en_GB\" \/>\n<meta property=\"og:type\" content=\"article\" \/>\n<meta property=\"og:title\" content=\"Aviso de Privacidad - Bufete Latorre Abogados\" \/>\n<meta property=\"og:description\" content=\"AVISO DE PRIVACIDAD De conformidad con la Ley 34\/2002 de 11 de julio y dem\u00e1s legislaci\u00f3n concordante, MIGUEL \u00c1NGEL LATORRE GIMENO, manifiesta que su NIF es 31224813J, que cuenta con Domicilio Social en AVDA. ANA DE VIYA, 7 &#8211; OFICINA 201 &#8211; 11009 C\u00c1DIZ y email de contacto: ml@bufetelatorre.com Las presentes condiciones legales regulan el [&hellip;]\" \/>\n<meta property=\"og:url\" content=\"https:\/\/bufetelatorre.es\/en\/aviso-de-privacidad\/\" \/>\n<meta property=\"og:site_name\" content=\"Bufete Latorre Abogados\" \/>\n<meta property=\"article:modified_time\" content=\"2025-05-26T10:55:07+00:00\" \/>\n<meta name=\"twitter:card\" content=\"summary_large_image\" \/>\n<meta name=\"twitter:label1\" content=\"Estimated reading time\" \/>\n\t<meta name=\"twitter:data1\" content=\"1 minute\" \/>\n<script type=\"application\/ld+json\" class=\"yoast-schema-graph\">{\"@context\":\"https:\\\/\\\/schema.org\",\"@graph\":[{\"@type\":\"WebPage\",\"@id\":\"https:\\\/\\\/bufetelatorre.es\\\/aviso-de-privacidad\\\/\",\"url\":\"https:\\\/\\\/bufetelatorre.es\\\/aviso-de-privacidad\\\/\",\"name\":\"Aviso de Privacidad - Bufete Latorre Abogados\",\"isPartOf\":{\"@id\":\"https:\\\/\\\/bufetelatorre.es\\\/#website\"},\"datePublished\":\"2025-05-26T10:53:13+00:00\",\"dateModified\":\"2025-05-26T10:55:07+00:00\",\"breadcrumb\":{\"@id\":\"https:\\\/\\\/bufetelatorre.es\\\/aviso-de-privacidad\\\/#breadcrumb\"},\"inLanguage\":\"en-GB\",\"potentialAction\":[{\"@type\":\"ReadAction\",\"target\":[\"https:\\\/\\\/bufetelatorre.es\\\/aviso-de-privacidad\\\/\"]}]},{\"@type\":\"BreadcrumbList\",\"@id\":\"https:\\\/\\\/bufetelatorre.es\\\/aviso-de-privacidad\\\/#breadcrumb\",\"itemListElement\":[{\"@type\":\"ListItem\",\"position\":1,\"name\":\"Portada\",\"item\":\"https:\\\/\\\/bufetelatorre.es\\\/\"},{\"@type\":\"ListItem\",\"position\":2,\"name\":\"Aviso de Privacidad\"}]},{\"@type\":\"WebSite\",\"@id\":\"https:\\\/\\\/bufetelatorre.es\\\/#website\",\"url\":\"https:\\\/\\\/bufetelatorre.es\\\/\",\"name\":\"Bufete Latorre Abogados\",\"description\":\"Despacho Abogados\",\"publisher\":{\"@id\":\"https:\\\/\\\/bufetelatorre.es\\\/#organization\"},\"potentialAction\":[{\"@type\":\"SearchAction\",\"target\":{\"@type\":\"EntryPoint\",\"urlTemplate\":\"https:\\\/\\\/bufetelatorre.es\\\/?s={search_term_string}\"},\"query-input\":{\"@type\":\"PropertyValueSpecification\",\"valueRequired\":true,\"valueName\":\"search_term_string\"}}],\"inLanguage\":\"en-GB\"},{\"@type\":\"Organization\",\"@id\":\"https:\\\/\\\/bufetelatorre.es\\\/#organization\",\"name\":\"Bufete Latorre Abogados\",\"url\":\"https:\\\/\\\/bufetelatorre.es\\\/\",\"logo\":{\"@type\":\"ImageObject\",\"inLanguage\":\"en-GB\",\"@id\":\"https:\\\/\\\/bufetelatorre.es\\\/#\\\/schema\\\/logo\\\/image\\\/\",\"url\":\"https:\\\/\\\/bufetelatorre.es\\\/wp-content\\\/uploads\\\/2025\\\/05\\\/cropped-cropped-cropped-Diseno-sin-titulo-3.png\",\"contentUrl\":\"https:\\\/\\\/bufetelatorre.es\\\/wp-content\\\/uploads\\\/2025\\\/05\\\/cropped-cropped-cropped-Diseno-sin-titulo-3.png\",\"width\":500,\"height\":160,\"caption\":\"Bufete Latorre Abogados\"},\"image\":{\"@id\":\"https:\\\/\\\/bufetelatorre.es\\\/#\\\/schema\\\/logo\\\/image\\\/\"}}]}<\/script>\n<!-- \/ Yoast SEO plugin. -->","yoast_head_json":{"title":"Aviso de Privacidad - Bufete Latorre Abogados","robots":{"index":"index","follow":"follow","max-snippet":"max-snippet:-1","max-image-preview":"max-image-preview:large","max-video-preview":"max-video-preview:-1"},"canonical":"https:\/\/bufetelatorre.es\/en\/aviso-de-privacidad\/","og_locale":"en_GB","og_type":"article","og_title":"Aviso de Privacidad - Bufete Latorre Abogados","og_description":"AVISO DE PRIVACIDAD De conformidad con la Ley 34\/2002 de 11 de julio y dem\u00e1s legislaci\u00f3n concordante, MIGUEL \u00c1NGEL LATORRE GIMENO, manifiesta que su NIF es 31224813J, que cuenta con Domicilio Social en AVDA. ANA DE VIYA, 7 &#8211; OFICINA 201 &#8211; 11009 C\u00c1DIZ y email de contacto: ml@bufetelatorre.com Las presentes condiciones legales regulan el [&hellip;]","og_url":"https:\/\/bufetelatorre.es\/en\/aviso-de-privacidad\/","og_site_name":"Bufete Latorre Abogados","article_modified_time":"2025-05-26T10:55:07+00:00","twitter_card":"summary_large_image","twitter_misc":{"Estimated reading time":"1 minute"},"schema":{"@context":"https:\/\/schema.org","@graph":[{"@type":"WebPage","@id":"https:\/\/bufetelatorre.es\/aviso-de-privacidad\/","url":"https:\/\/bufetelatorre.es\/aviso-de-privacidad\/","name":"Aviso de Privacidad - Bufete Latorre Abogados","isPartOf":{"@id":"https:\/\/bufetelatorre.es\/#website"},"datePublished":"2025-05-26T10:53:13+00:00","dateModified":"2025-05-26T10:55:07+00:00","breadcrumb":{"@id":"https:\/\/bufetelatorre.es\/aviso-de-privacidad\/#breadcrumb"},"inLanguage":"en-GB","potentialAction":[{"@type":"ReadAction","target":["https:\/\/bufetelatorre.es\/aviso-de-privacidad\/"]}]},{"@type":"BreadcrumbList","@id":"https:\/\/bufetelatorre.es\/aviso-de-privacidad\/#breadcrumb","itemListElement":[{"@type":"ListItem","position":1,"name":"Portada","item":"https:\/\/bufetelatorre.es\/"},{"@type":"ListItem","position":2,"name":"Aviso de Privacidad"}]},{"@type":"WebSite","@id":"https:\/\/bufetelatorre.es\/#website","url":"https:\/\/bufetelatorre.es\/","name":"Bufete Latorre Abogados","description":"Despacho Abogados","publisher":{"@id":"https:\/\/bufetelatorre.es\/#organization"},"potentialAction":[{"@type":"SearchAction","target":{"@type":"EntryPoint","urlTemplate":"https:\/\/bufetelatorre.es\/?s={search_term_string}"},"query-input":{"@type":"PropertyValueSpecification","valueRequired":true,"valueName":"search_term_string"}}],"inLanguage":"en-GB"},{"@type":"Organization","@id":"https:\/\/bufetelatorre.es\/#organization","name":"Bufete Latorre Abogados","url":"https:\/\/bufetelatorre.es\/","logo":{"@type":"ImageObject","inLanguage":"en-GB","@id":"https:\/\/bufetelatorre.es\/#\/schema\/logo\/image\/","url":"https:\/\/bufetelatorre.es\/wp-content\/uploads\/2025\/05\/cropped-cropped-cropped-Diseno-sin-titulo-3.png","contentUrl":"https:\/\/bufetelatorre.es\/wp-content\/uploads\/2025\/05\/cropped-cropped-cropped-Diseno-sin-titulo-3.png","width":500,"height":160,"caption":"Bufete Latorre Abogados"},"image":{"@id":"https:\/\/bufetelatorre.es\/#\/schema\/logo\/image\/"}}]}},"_links":{"self":[{"href":"https:\/\/bufetelatorre.es\/en\/wp-json\/wp\/v2\/pages\/622","targetHints":{"allow":["GET"]}}],"collection":[{"href":"https:\/\/bufetelatorre.es\/en\/wp-json\/wp\/v2\/pages"}],"about":[{"href":"https:\/\/bufetelatorre.es\/en\/wp-json\/wp\/v2\/types\/page"}],"author":[{"embeddable":true,"href":"https:\/\/bufetelatorre.es\/en\/wp-json\/wp\/v2\/users\/1"}],"replies":[{"embeddable":true,"href":"https:\/\/bufetelatorre.es\/en\/wp-json\/wp\/v2\/comments?post=622"}],"version-history":[{"count":4,"href":"https:\/\/bufetelatorre.es\/en\/wp-json\/wp\/v2\/pages\/622\/revisions"}],"predecessor-version":[{"id":626,"href":"https:\/\/bufetelatorre.es\/en\/wp-json\/wp\/v2\/pages\/622\/revisions\/626"}],"wp:attachment":[{"href":"https:\/\/bufetelatorre.es\/en\/wp-json\/wp\/v2\/media?parent=622"}],"curies":[{"name":"wp","href":"https:\/\/api.w.org\/{rel}","templated":true}]}}