{"id":432,"date":"2025-05-12T10:25:42","date_gmt":"2025-05-12T10:25:42","guid":{"rendered":"https:\/\/bufetelatorre.rkinformatika.online\/?page_id=432"},"modified":"2026-01-08T09:42:02","modified_gmt":"2026-01-08T09:42:02","slug":"derecho-fiscal","status":"publish","type":"page","link":"https:\/\/bufetelatorre.es\/es\/derecho-fiscal\/","title":{"rendered":"Derecho Fiscal"},"content":{"rendered":"\t\t<div data-elementor-type=\"wp-page\" data-elementor-id=\"432\" class=\"elementor elementor-432\" data-elementor-post-type=\"page\">\n\t\t\t\t<div class=\"elementor-element elementor-element-521a354 e-flex e-con-boxed e-con e-parent\" data-id=\"521a354\" data-element_type=\"container\" data-e-type=\"container\" data-settings=\"{&quot;background_background&quot;:&quot;classic&quot;}\">\n\t\t\t\t\t<div class=\"e-con-inner\">\n\t\t\t\t<div class=\"elementor-element elementor-element-cf4db91 elementor-widget elementor-widget-heading\" data-id=\"cf4db91\" data-element_type=\"widget\" data-e-type=\"widget\" data-widget_type=\"heading.default\">\n\t\t\t\t<div class=\"elementor-widget-container\">\n\t\t\t\t\t<h2 class=\"elementor-heading-title elementor-size-default\">Derecho Fiscal <\/h2>\t\t\t\t<\/div>\n\t\t\t\t<\/div>\n\t\t\t\t<div class=\"elementor-element elementor-element-3943b34 elementor-widget elementor-widget-text-editor\" data-id=\"3943b34\" data-element_type=\"widget\" data-e-type=\"widget\" data-widget_type=\"text-editor.default\">\n\t\t\t\t<div class=\"elementor-widget-container\">\n\t\t\t\t\t\t\t\t\t<p>Planificaci\u00f3n fiscal y defensa frente a la Administraci\u00f3n<\/p>\t\t\t\t\t\t\t\t<\/div>\n\t\t\t\t<\/div>\n\t\t\t\t\t<\/div>\n\t\t\t\t<\/div>\n\t\t<div class=\"elementor-element elementor-element-04337dd e-flex e-con-boxed e-con e-parent\" data-id=\"04337dd\" data-element_type=\"container\" data-e-type=\"container\">\n\t\t\t\t\t<div class=\"e-con-inner\">\n\t\t<div class=\"elementor-element elementor-element-419dc50 e-con-full e-flex e-con e-child\" data-id=\"419dc50\" data-element_type=\"container\" data-e-type=\"container\">\n\t\t\t\t<div class=\"elementor-element elementor-element-d78b732 elementor-widget elementor-widget-heading\" data-id=\"d78b732\" data-element_type=\"widget\" data-e-type=\"widget\" data-widget_type=\"heading.default\">\n\t\t\t\t<div class=\"elementor-widget-container\">\n\t\t\t\t\t<h2 class=\"elementor-heading-title elementor-size-default\">I.R.P.F.<\/h2>\t\t\t\t<\/div>\n\t\t\t\t<\/div>\n\t\t\t\t<\/div>\n\t\t<div class=\"elementor-element elementor-element-1db9295 e-con-full e-flex e-con e-child\" data-id=\"1db9295\" data-element_type=\"container\" data-e-type=\"container\">\n\t\t\t\t<div class=\"elementor-element elementor-element-4b459e6 elementor-widget elementor-widget-heading\" data-id=\"4b459e6\" data-element_type=\"widget\" data-e-type=\"widget\" data-widget_type=\"heading.default\">\n\t\t\t\t<div class=\"elementor-widget-container\">\n\t\t\t\t\t<h2 class=\"elementor-heading-title elementor-size-default\">Impuesto de sociedades<\/h2>\t\t\t\t<\/div>\n\t\t\t\t<\/div>\n\t\t\t\t<\/div>\n\t\t\t\t\t<\/div>\n\t\t\t\t<\/div>\n\t\t<div class=\"elementor-element elementor-element-63cea54 e-flex e-con-boxed e-con e-parent\" data-id=\"63cea54\" data-element_type=\"container\" data-e-type=\"container\">\n\t\t\t\t\t<div class=\"e-con-inner\">\n\t\t<div class=\"elementor-element elementor-element-73c8133 e-con-full e-flex e-con e-child\" data-id=\"73c8133\" data-element_type=\"container\" data-e-type=\"container\">\n\t\t\t\t<div class=\"elementor-element elementor-element-1d4f4c1 elementor-widget elementor-widget-heading\" data-id=\"1d4f4c1\" data-element_type=\"widget\" data-e-type=\"widget\" data-widget_type=\"heading.default\">\n\t\t\t\t<div class=\"elementor-widget-container\">\n\t\t\t\t\t<h2 class=\"elementor-heading-title elementor-size-default\">Impuestos<\/h2>\t\t\t\t<\/div>\n\t\t\t\t<\/div>\n\t\t\t\t<div class=\"elementor-element elementor-element-99793de elementor-icon-list--layout-traditional elementor-list-item-link-full_width elementor-widget elementor-widget-icon-list\" data-id=\"99793de\" data-element_type=\"widget\" data-e-type=\"widget\" data-widget_type=\"icon-list.default\">\n\t\t\t\t<div class=\"elementor-widget-container\">\n\t\t\t\t\t\t\t<ul class=\"elementor-icon-list-items\">\n\t\t\t\t\t\t\t<li class=\"elementor-icon-list-item\">\n\t\t\t\t\t\t\t\t\t\t\t<span class=\"elementor-icon-list-icon\">\n\t\t\t\t\t\t\t<svg aria-hidden=\"true\" class=\"e-font-icon-svg e-fas-check\" viewBox=\"0 0 512 512\" xmlns=\"http:\/\/www.w3.org\/2000\/svg\"><path d=\"M173.898 439.404l-166.4-166.4c-9.997-9.997-9.997-26.206 0-36.204l36.203-36.204c9.997-9.998 26.207-9.998 36.204 0L192 312.69 432.095 72.596c9.997-9.997 26.207-9.997 36.204 0l36.203 36.204c9.997 9.997 9.997 26.206 0 36.204l-294.4 294.401c-9.998 9.997-26.207 9.997-36.204-.001z\"><\/path><\/svg>\t\t\t\t\t\t<\/span>\n\t\t\t\t\t\t\t\t\t\t<span class=\"elementor-icon-list-text\">Transmisiones<\/span>\n\t\t\t\t\t\t\t\t\t<\/li>\n\t\t\t\t\t\t\t\t<li class=\"elementor-icon-list-item\">\n\t\t\t\t\t\t\t\t\t\t\t<span class=\"elementor-icon-list-icon\">\n\t\t\t\t\t\t\t<svg aria-hidden=\"true\" class=\"e-font-icon-svg e-fas-check\" viewBox=\"0 0 512 512\" xmlns=\"http:\/\/www.w3.org\/2000\/svg\"><path d=\"M173.898 439.404l-166.4-166.4c-9.997-9.997-9.997-26.206 0-36.204l36.203-36.204c9.997-9.998 26.207-9.998 36.204 0L192 312.69 432.095 72.596c9.997-9.997 26.207-9.997 36.204 0l36.203 36.204c9.997 9.997 9.997 26.206 0 36.204l-294.4 294.401c-9.998 9.997-26.207 9.997-36.204-.001z\"><\/path><\/svg>\t\t\t\t\t\t<\/span>\n\t\t\t\t\t\t\t\t\t\t<span class=\"elementor-icon-list-text\">Sucesiones<\/span>\n\t\t\t\t\t\t\t\t\t<\/li>\n\t\t\t\t\t\t\t\t<li class=\"elementor-icon-list-item\">\n\t\t\t\t\t\t\t\t\t\t\t<span class=\"elementor-icon-list-icon\">\n\t\t\t\t\t\t\t<svg aria-hidden=\"true\" class=\"e-font-icon-svg e-fas-check\" viewBox=\"0 0 512 512\" xmlns=\"http:\/\/www.w3.org\/2000\/svg\"><path d=\"M173.898 439.404l-166.4-166.4c-9.997-9.997-9.997-26.206 0-36.204l36.203-36.204c9.997-9.998 26.207-9.998 36.204 0L192 312.69 432.095 72.596c9.997-9.997 26.207-9.997 36.204 0l36.203 36.204c9.997 9.997 9.997 26.206 0 36.204l-294.4 294.401c-9.998 9.997-26.207 9.997-36.204-.001z\"><\/path><\/svg>\t\t\t\t\t\t<\/span>\n\t\t\t\t\t\t\t\t\t\t<span class=\"elementor-icon-list-text\">I.V.A.<\/span>\n\t\t\t\t\t\t\t\t\t<\/li>\n\t\t\t\t\t\t\t\t<li class=\"elementor-icon-list-item\">\n\t\t\t\t\t\t\t\t\t\t\t<span class=\"elementor-icon-list-icon\">\n\t\t\t\t\t\t\t<svg aria-hidden=\"true\" class=\"e-font-icon-svg e-fas-check\" viewBox=\"0 0 512 512\" xmlns=\"http:\/\/www.w3.org\/2000\/svg\"><path d=\"M173.898 439.404l-166.4-166.4c-9.997-9.997-9.997-26.206 0-36.204l36.203-36.204c9.997-9.998 26.207-9.998 36.204 0L192 312.69 432.095 72.596c9.997-9.997 26.207-9.997 36.204 0l36.203 36.204c9.997 9.997 9.997 26.206 0 36.204l-294.4 294.401c-9.998 9.997-26.207 9.997-36.204-.001z\"><\/path><\/svg>\t\t\t\t\t\t<\/span>\n\t\t\t\t\t\t\t\t\t\t<span class=\"elementor-icon-list-text\">Plusvalia<\/span>\n\t\t\t\t\t\t\t\t\t<\/li>\n\t\t\t\t\t\t<\/ul>\n\t\t\t\t\t\t<\/div>\n\t\t\t\t<\/div>\n\t\t\t\t<\/div>\n\t\t<div class=\"elementor-element elementor-element-4067018 e-con-full e-flex e-con e-child\" data-id=\"4067018\" data-element_type=\"container\" data-e-type=\"container\">\n\t\t\t\t<div class=\"elementor-element elementor-element-5550291 elementor-widget elementor-widget-heading\" data-id=\"5550291\" data-element_type=\"widget\" data-e-type=\"widget\" data-widget_type=\"heading.default\">\n\t\t\t\t<div class=\"elementor-widget-container\">\n\t\t\t\t\t<h2 class=\"elementor-heading-title elementor-size-default\">Planificaci\u00f3n<\/h2>\t\t\t\t<\/div>\n\t\t\t\t<\/div>\n\t\t\t\t<div class=\"elementor-element elementor-element-848deb2 elementor-icon-list--layout-traditional elementor-list-item-link-full_width elementor-widget elementor-widget-icon-list\" data-id=\"848deb2\" data-element_type=\"widget\" data-e-type=\"widget\" data-widget_type=\"icon-list.default\">\n\t\t\t\t<div class=\"elementor-widget-container\">\n\t\t\t\t\t\t\t<ul class=\"elementor-icon-list-items\">\n\t\t\t\t\t\t\t<li class=\"elementor-icon-list-item\">\n\t\t\t\t\t\t\t\t\t\t\t<span class=\"elementor-icon-list-icon\">\n\t\t\t\t\t\t\t<svg aria-hidden=\"true\" class=\"e-font-icon-svg e-fas-check\" viewBox=\"0 0 512 512\" xmlns=\"http:\/\/www.w3.org\/2000\/svg\"><path d=\"M173.898 439.404l-166.4-166.4c-9.997-9.997-9.997-26.206 0-36.204l36.203-36.204c9.997-9.998 26.207-9.998 36.204 0L192 312.69 432.095 72.596c9.997-9.997 26.207-9.997 36.204 0l36.203 36.204c9.997 9.997 9.997 26.206 0 36.204l-294.4 294.401c-9.998 9.997-26.207 9.997-36.204-.001z\"><\/path><\/svg>\t\t\t\t\t\t<\/span>\n\t\t\t\t\t\t\t\t\t\t<span class=\"elementor-icon-list-text\">Planificaci\u00f3n fiscal de patrimonios y empresas<\/span>\n\t\t\t\t\t\t\t\t\t<\/li>\n\t\t\t\t\t\t<\/ul>\n\t\t\t\t\t\t<\/div>\n\t\t\t\t<\/div>\n\t\t\t\t<\/div>\n\t\t\t\t\t<\/div>\n\t\t\t\t<\/div>\n\t\t<div class=\"elementor-element elementor-element-5c82f6a e-flex e-con-boxed e-con e-parent\" data-id=\"5c82f6a\" data-element_type=\"container\" data-e-type=\"container\">\n\t\t\t\t\t<div class=\"e-con-inner\">\n\t\t<div class=\"elementor-element elementor-element-da6269a e-con-full e-flex e-con e-child\" data-id=\"da6269a\" data-element_type=\"container\" data-e-type=\"container\">\n\t\t\t\t<div class=\"elementor-element elementor-element-f084bce elementor-widget elementor-widget-heading\" data-id=\"f084bce\" data-element_type=\"widget\" data-e-type=\"widget\" data-widget_type=\"heading.default\">\n\t\t\t\t<div class=\"elementor-widget-container\">\n\t\t\t\t\t<h2 class=\"elementor-heading-title elementor-size-default\">Inspecciones tributarias<\/h2>\t\t\t\t<\/div>\n\t\t\t\t<\/div>\n\t\t\t\t<\/div>\n\t\t<div class=\"elementor-element elementor-element-ee60398 e-con-full e-flex e-con e-child\" data-id=\"ee60398\" data-element_type=\"container\" data-e-type=\"container\">\n\t\t\t\t<div class=\"elementor-element elementor-element-87ea1f3 elementor-widget elementor-widget-heading\" data-id=\"87ea1f3\" data-element_type=\"widget\" data-e-type=\"widget\" data-widget_type=\"heading.default\">\n\t\t\t\t<div class=\"elementor-widget-container\">\n\t\t\t\t\t<h2 class=\"elementor-heading-title elementor-size-default\">Recursos y tribunales<\/h2>\t\t\t\t<\/div>\n\t\t\t\t<\/div>\n\t\t\t\t<\/div>\n\t\t\t\t\t<\/div>\n\t\t\t\t<\/div>\n\t\t<div class=\"elementor-element elementor-element-f23fd86 e-flex e-con-boxed e-con e-parent\" data-id=\"f23fd86\" data-element_type=\"container\" data-e-type=\"container\">\n\t\t\t\t\t<div class=\"e-con-inner\">\n\t\t\t\t<div class=\"elementor-element elementor-element-9e569ec elementor-widget elementor-widget-heading\" data-id=\"9e569ec\" data-element_type=\"widget\" data-e-type=\"widget\" data-widget_type=\"heading.default\">\n\t\t\t\t<div class=\"elementor-widget-container\">\n\t\t\t\t\t<h2 class=\"elementor-heading-title elementor-size-default\">Enfoque Multidisciplinar para Cada Caso<\/h2>\t\t\t\t<\/div>\n\t\t\t\t<\/div>\n\t\t\t\t<div class=\"elementor-element elementor-element-6e3a020 elementor-widget elementor-widget-text-editor\" data-id=\"6e3a020\" data-element_type=\"widget\" data-e-type=\"widget\" data-widget_type=\"text-editor.default\">\n\t\t\t\t<div class=\"elementor-widget-container\">\n\t\t\t\t\t\t\t\t\t<p>Entendemos que la necesaria y deseable especializaci\u00f3n no debe originar compartimentos estancos, de manera que una comprensi\u00f3n global del mundo del derecho es imprescindible para enfocar las soluciones m\u00e1s adecuadas. Por ello, los integrantes de BUFETE LATORRE hacen del trabajo en equipo la m\u00e1xima garant\u00eda de que la cuesti\u00f3n es analizada desde todas las perspectivas.<\/p>\t\t\t\t\t\t\t\t<\/div>\n\t\t\t\t<\/div>\n\t\t\t\t<div class=\"elementor-element elementor-element-2d3187b elementor-align-center elementor-widget elementor-widget-button\" data-id=\"2d3187b\" data-element_type=\"widget\" data-e-type=\"widget\" data-widget_type=\"button.default\">\n\t\t\t\t<div class=\"elementor-widget-container\">\n\t\t\t\t\t\t\t\t\t<div class=\"elementor-button-wrapper\">\n\t\t\t\t\t<a class=\"elementor-button elementor-button-link elementor-size-sm\" href=\"https:\/\/bufetelatorre.es\/index.php\/contactos\/\">\n\t\t\t\t\t\t<span class=\"elementor-button-content-wrapper\">\n\t\t\t\t\t\t\t\t\t<span class=\"elementor-button-text\">Contacto<\/span>\n\t\t\t\t\t<\/span>\n\t\t\t\t\t<\/a>\n\t\t\t\t<\/div>\n\t\t\t\t\t\t\t\t<\/div>\n\t\t\t\t<\/div>\n\t\t\t\t\t<\/div>\n\t\t\t\t<\/div>\n\t\t\t\t<\/div>\n\t\t","protected":false},"excerpt":{"rendered":"<p>Derecho Fiscal Planificaci\u00f3n fiscal y defensa frente a la Administraci\u00f3n I.R.P.F. Impuesto de sociedades Impuestos Transmisiones Sucesiones I.V.A. Plusvalia Planificaci\u00f3n Planificaci\u00f3n fiscal de patrimonios y empresas Inspecciones tributarias Recursos y tribunales Enfoque Multidisciplinar para Cada Caso Entendemos que la necesaria y deseable especializaci\u00f3n no debe originar compartimentos estancos, de manera que una comprensi\u00f3n global del [&hellip;]<\/p>\n","protected":false},"author":1,"featured_media":0,"parent":0,"menu_order":0,"comment_status":"closed","ping_status":"closed","template":"","meta":{"footnotes":""},"class_list":["post-432","page","type-page","status-publish","hentry"],"yoast_head":"<!-- This site is optimized with the Yoast SEO plugin v27.5 - https:\/\/yoast.com\/product\/yoast-seo-wordpress\/ -->\n<title>Derecho Fiscal - Bufete Latorre Abogados<\/title>\n<meta name=\"description\" content=\"Abogados fiscalistas en C\u00e1diz. Amplia trayectoria profesional, avalada por resultados, y con un trato cercano, adaptado a cada cliente\" \/>\n<meta name=\"robots\" content=\"index, follow, max-snippet:-1, max-image-preview:large, max-video-preview:-1\" \/>\n<link rel=\"canonical\" href=\"https:\/\/bufetelatorre.es\/es\/derecho-fiscal\/\" \/>\n<meta property=\"og:locale\" content=\"es_ES\" \/>\n<meta property=\"og:type\" content=\"article\" \/>\n<meta property=\"og:title\" content=\"Derecho Fiscal - Bufete Latorre Abogados\" \/>\n<meta property=\"og:description\" content=\"Abogados fiscalistas en C\u00e1diz. Amplia trayectoria profesional, avalada por resultados, y con un trato cercano, adaptado a cada cliente\" \/>\n<meta property=\"og:url\" content=\"https:\/\/bufetelatorre.es\/es\/derecho-fiscal\/\" \/>\n<meta property=\"og:site_name\" content=\"Bufete Latorre Abogados\" \/>\n<meta property=\"article:modified_time\" content=\"2026-01-08T09:42:02+00:00\" \/>\n<meta name=\"twitter:card\" content=\"summary_large_image\" \/>\n<meta name=\"twitter:label1\" content=\"Tiempo de lectura\" \/>\n\t<meta name=\"twitter:data1\" content=\"1 minuto\" \/>\n<script type=\"application\/ld+json\" class=\"yoast-schema-graph\">{\"@context\":\"https:\\\/\\\/schema.org\",\"@graph\":[{\"@type\":\"WebPage\",\"@id\":\"https:\\\/\\\/bufetelatorre.es\\\/derecho-fiscal\\\/\",\"url\":\"https:\\\/\\\/bufetelatorre.es\\\/derecho-fiscal\\\/\",\"name\":\"Derecho Fiscal - Bufete Latorre Abogados\",\"isPartOf\":{\"@id\":\"https:\\\/\\\/bufetelatorre.es\\\/#website\"},\"datePublished\":\"2025-05-12T10:25:42+00:00\",\"dateModified\":\"2026-01-08T09:42:02+00:00\",\"description\":\"Abogados fiscalistas en C\u00e1diz. Amplia trayectoria profesional, avalada por resultados, y con un trato cercano, adaptado a cada cliente\",\"breadcrumb\":{\"@id\":\"https:\\\/\\\/bufetelatorre.es\\\/derecho-fiscal\\\/#breadcrumb\"},\"inLanguage\":\"es\",\"potentialAction\":[{\"@type\":\"ReadAction\",\"target\":[\"https:\\\/\\\/bufetelatorre.es\\\/derecho-fiscal\\\/\"]}]},{\"@type\":\"BreadcrumbList\",\"@id\":\"https:\\\/\\\/bufetelatorre.es\\\/derecho-fiscal\\\/#breadcrumb\",\"itemListElement\":[{\"@type\":\"ListItem\",\"position\":1,\"name\":\"Portada\",\"item\":\"https:\\\/\\\/bufetelatorre.es\\\/\"},{\"@type\":\"ListItem\",\"position\":2,\"name\":\"Derecho Fiscal\"}]},{\"@type\":\"WebSite\",\"@id\":\"https:\\\/\\\/bufetelatorre.es\\\/#website\",\"url\":\"https:\\\/\\\/bufetelatorre.es\\\/\",\"name\":\"Bufete Latorre Abogados\",\"description\":\"Despacho Abogados\",\"publisher\":{\"@id\":\"https:\\\/\\\/bufetelatorre.es\\\/#organization\"},\"potentialAction\":[{\"@type\":\"SearchAction\",\"target\":{\"@type\":\"EntryPoint\",\"urlTemplate\":\"https:\\\/\\\/bufetelatorre.es\\\/?s={search_term_string}\"},\"query-input\":{\"@type\":\"PropertyValueSpecification\",\"valueRequired\":true,\"valueName\":\"search_term_string\"}}],\"inLanguage\":\"es\"},{\"@type\":\"Organization\",\"@id\":\"https:\\\/\\\/bufetelatorre.es\\\/#organization\",\"name\":\"Bufete Latorre Abogados\",\"url\":\"https:\\\/\\\/bufetelatorre.es\\\/\",\"logo\":{\"@type\":\"ImageObject\",\"inLanguage\":\"es\",\"@id\":\"https:\\\/\\\/bufetelatorre.es\\\/#\\\/schema\\\/logo\\\/image\\\/\",\"url\":\"https:\\\/\\\/bufetelatorre.es\\\/wp-content\\\/uploads\\\/2025\\\/05\\\/cropped-cropped-cropped-Diseno-sin-titulo-3.png\",\"contentUrl\":\"https:\\\/\\\/bufetelatorre.es\\\/wp-content\\\/uploads\\\/2025\\\/05\\\/cropped-cropped-cropped-Diseno-sin-titulo-3.png\",\"width\":500,\"height\":160,\"caption\":\"Bufete Latorre Abogados\"},\"image\":{\"@id\":\"https:\\\/\\\/bufetelatorre.es\\\/#\\\/schema\\\/logo\\\/image\\\/\"}}]}<\/script>\n<!-- \/ Yoast SEO plugin. -->","yoast_head_json":{"title":"Derecho Fiscal - Bufete Latorre Abogados","description":"Abogados fiscalistas en C\u00e1diz. Amplia trayectoria profesional, avalada por resultados, y con un trato cercano, adaptado a cada cliente","robots":{"index":"index","follow":"follow","max-snippet":"max-snippet:-1","max-image-preview":"max-image-preview:large","max-video-preview":"max-video-preview:-1"},"canonical":"https:\/\/bufetelatorre.es\/es\/derecho-fiscal\/","og_locale":"es_ES","og_type":"article","og_title":"Derecho Fiscal - Bufete Latorre Abogados","og_description":"Abogados fiscalistas en C\u00e1diz. Amplia trayectoria profesional, avalada por resultados, y con un trato cercano, adaptado a cada cliente","og_url":"https:\/\/bufetelatorre.es\/es\/derecho-fiscal\/","og_site_name":"Bufete Latorre Abogados","article_modified_time":"2026-01-08T09:42:02+00:00","twitter_card":"summary_large_image","twitter_misc":{"Tiempo de lectura":"1 minuto"},"schema":{"@context":"https:\/\/schema.org","@graph":[{"@type":"WebPage","@id":"https:\/\/bufetelatorre.es\/derecho-fiscal\/","url":"https:\/\/bufetelatorre.es\/derecho-fiscal\/","name":"Derecho Fiscal - Bufete Latorre Abogados","isPartOf":{"@id":"https:\/\/bufetelatorre.es\/#website"},"datePublished":"2025-05-12T10:25:42+00:00","dateModified":"2026-01-08T09:42:02+00:00","description":"Abogados fiscalistas en C\u00e1diz. Amplia trayectoria profesional, avalada por resultados, y con un trato cercano, adaptado a cada cliente","breadcrumb":{"@id":"https:\/\/bufetelatorre.es\/derecho-fiscal\/#breadcrumb"},"inLanguage":"es","potentialAction":[{"@type":"ReadAction","target":["https:\/\/bufetelatorre.es\/derecho-fiscal\/"]}]},{"@type":"BreadcrumbList","@id":"https:\/\/bufetelatorre.es\/derecho-fiscal\/#breadcrumb","itemListElement":[{"@type":"ListItem","position":1,"name":"Portada","item":"https:\/\/bufetelatorre.es\/"},{"@type":"ListItem","position":2,"name":"Derecho Fiscal"}]},{"@type":"WebSite","@id":"https:\/\/bufetelatorre.es\/#website","url":"https:\/\/bufetelatorre.es\/","name":"Bufete Latorre Abogados","description":"Despacho Abogados","publisher":{"@id":"https:\/\/bufetelatorre.es\/#organization"},"potentialAction":[{"@type":"SearchAction","target":{"@type":"EntryPoint","urlTemplate":"https:\/\/bufetelatorre.es\/?s={search_term_string}"},"query-input":{"@type":"PropertyValueSpecification","valueRequired":true,"valueName":"search_term_string"}}],"inLanguage":"es"},{"@type":"Organization","@id":"https:\/\/bufetelatorre.es\/#organization","name":"Bufete Latorre Abogados","url":"https:\/\/bufetelatorre.es\/","logo":{"@type":"ImageObject","inLanguage":"es","@id":"https:\/\/bufetelatorre.es\/#\/schema\/logo\/image\/","url":"https:\/\/bufetelatorre.es\/wp-content\/uploads\/2025\/05\/cropped-cropped-cropped-Diseno-sin-titulo-3.png","contentUrl":"https:\/\/bufetelatorre.es\/wp-content\/uploads\/2025\/05\/cropped-cropped-cropped-Diseno-sin-titulo-3.png","width":500,"height":160,"caption":"Bufete Latorre Abogados"},"image":{"@id":"https:\/\/bufetelatorre.es\/#\/schema\/logo\/image\/"}}]}},"_links":{"self":[{"href":"https:\/\/bufetelatorre.es\/es\/wp-json\/wp\/v2\/pages\/432","targetHints":{"allow":["GET"]}}],"collection":[{"href":"https:\/\/bufetelatorre.es\/es\/wp-json\/wp\/v2\/pages"}],"about":[{"href":"https:\/\/bufetelatorre.es\/es\/wp-json\/wp\/v2\/types\/page"}],"author":[{"embeddable":true,"href":"https:\/\/bufetelatorre.es\/es\/wp-json\/wp\/v2\/users\/1"}],"replies":[{"embeddable":true,"href":"https:\/\/bufetelatorre.es\/es\/wp-json\/wp\/v2\/comments?post=432"}],"version-history":[{"count":13,"href":"https:\/\/bufetelatorre.es\/es\/wp-json\/wp\/v2\/pages\/432\/revisions"}],"predecessor-version":[{"id":1012,"href":"https:\/\/bufetelatorre.es\/es\/wp-json\/wp\/v2\/pages\/432\/revisions\/1012"}],"wp:attachment":[{"href":"https:\/\/bufetelatorre.es\/es\/wp-json\/wp\/v2\/media?parent=432"}],"curies":[{"name":"wp","href":"https:\/\/api.w.org\/{rel}","templated":true}]}}