{"id":440,"date":"2025-05-12T10:27:00","date_gmt":"2025-05-12T10:27:00","guid":{"rendered":"https:\/\/bufetelatorre.rkinformatika.online\/?page_id=440"},"modified":"2025-12-26T23:28:42","modified_gmt":"2025-12-26T23:28:42","slug":"trafico-y-seguro","status":"publish","type":"page","link":"https:\/\/bufetelatorre.es\/es\/trafico-y-seguro\/","title":{"rendered":"Tr\u00e1fico y Seguro"},"content":{"rendered":"\t\t<div data-elementor-type=\"wp-page\" data-elementor-id=\"440\" class=\"elementor elementor-440\" data-elementor-post-type=\"page\">\n\t\t\t\t<div class=\"elementor-element elementor-element-521a354 e-flex e-con-boxed e-con e-parent\" data-id=\"521a354\" data-element_type=\"container\" data-e-type=\"container\" data-settings=\"{&quot;background_background&quot;:&quot;classic&quot;}\">\n\t\t\t\t\t<div class=\"e-con-inner\">\n\t\t\t\t<div class=\"elementor-element elementor-element-cf4db91 elementor-widget elementor-widget-heading\" data-id=\"cf4db91\" data-element_type=\"widget\" data-e-type=\"widget\" data-widget_type=\"heading.default\">\n\t\t\t\t<div class=\"elementor-widget-container\">\n\t\t\t\t\t<h2 class=\"elementor-heading-title elementor-size-default\">Tr\u00e1fico y Seguro<\/h2>\t\t\t\t<\/div>\n\t\t\t\t<\/div>\n\t\t\t\t<div class=\"elementor-element elementor-element-3943b34 elementor-widget elementor-widget-text-editor\" data-id=\"3943b34\" data-element_type=\"widget\" data-e-type=\"widget\" data-widget_type=\"text-editor.default\">\n\t\t\t\t<div class=\"elementor-widget-container\">\n\t\t\t\t\t\t\t\t\t<p>Especialistas en responsabilidad civil y penal por accidentes<\/p>\t\t\t\t\t\t\t\t<\/div>\n\t\t\t\t<\/div>\n\t\t\t\t\t<\/div>\n\t\t\t\t<\/div>\n\t\t<div class=\"elementor-element elementor-element-fb6dae0 e-flex e-con-boxed e-con e-parent\" data-id=\"fb6dae0\" data-element_type=\"container\" data-e-type=\"container\">\n\t\t\t\t\t<div class=\"e-con-inner\">\n\t\t<div class=\"elementor-element elementor-element-542d371 e-con-full e-flex e-con e-child\" data-id=\"542d371\" data-element_type=\"container\" data-e-type=\"container\">\n\t\t\t\t<div class=\"elementor-element elementor-element-72f8711 elementor-icon-list--layout-traditional elementor-list-item-link-full_width elementor-widget elementor-widget-icon-list\" data-id=\"72f8711\" data-element_type=\"widget\" data-e-type=\"widget\" data-widget_type=\"icon-list.default\">\n\t\t\t\t<div class=\"elementor-widget-container\">\n\t\t\t\t\t\t\t<ul class=\"elementor-icon-list-items\">\n\t\t\t\t\t\t\t<li class=\"elementor-icon-list-item\">\n\t\t\t\t\t\t\t\t\t\t\t<span class=\"elementor-icon-list-icon\">\n\t\t\t\t\t\t\t<svg aria-hidden=\"true\" class=\"e-font-icon-svg e-fas-check\" viewBox=\"0 0 512 512\" xmlns=\"http:\/\/www.w3.org\/2000\/svg\"><path d=\"M173.898 439.404l-166.4-166.4c-9.997-9.997-9.997-26.206 0-36.204l36.203-36.204c9.997-9.998 26.207-9.998 36.204 0L192 312.69 432.095 72.596c9.997-9.997 26.207-9.997 36.204 0l36.203 36.204c9.997 9.997 9.997 26.206 0 36.204l-294.4 294.401c-9.998 9.997-26.207 9.997-36.204-.001z\"><\/path><\/svg>\t\t\t\t\t\t<\/span>\n\t\t\t\t\t\t\t\t\t\t<span class=\"elementor-icon-list-text\">Reclamaciones a aseguradoras.<\/span>\n\t\t\t\t\t\t\t\t\t<\/li>\n\t\t\t\t\t\t<\/ul>\n\t\t\t\t\t\t<\/div>\n\t\t\t\t<\/div>\n\t\t\t\t<\/div>\n\t\t<div class=\"elementor-element elementor-element-b9a502c e-con-full e-flex e-con e-child\" data-id=\"b9a502c\" data-element_type=\"container\" data-e-type=\"container\">\n\t\t\t\t<div class=\"elementor-element elementor-element-1ec0aca elementor-icon-list--layout-traditional elementor-list-item-link-full_width elementor-widget elementor-widget-icon-list\" data-id=\"1ec0aca\" data-element_type=\"widget\" data-e-type=\"widget\" data-widget_type=\"icon-list.default\">\n\t\t\t\t<div class=\"elementor-widget-container\">\n\t\t\t\t\t\t\t<ul class=\"elementor-icon-list-items\">\n\t\t\t\t\t\t\t<li class=\"elementor-icon-list-item\">\n\t\t\t\t\t\t\t\t\t\t\t<span class=\"elementor-icon-list-icon\">\n\t\t\t\t\t\t\t<svg aria-hidden=\"true\" class=\"e-font-icon-svg e-fas-check\" viewBox=\"0 0 512 512\" xmlns=\"http:\/\/www.w3.org\/2000\/svg\"><path d=\"M173.898 439.404l-166.4-166.4c-9.997-9.997-9.997-26.206 0-36.204l36.203-36.204c9.997-9.998 26.207-9.998 36.204 0L192 312.69 432.095 72.596c9.997-9.997 26.207-9.997 36.204 0l36.203 36.204c9.997 9.997 9.997 26.206 0 36.204l-294.4 294.401c-9.998 9.997-26.207 9.997-36.204-.001z\"><\/path><\/svg>\t\t\t\t\t\t<\/span>\n\t\t\t\t\t\t\t\t\t\t<span class=\"elementor-icon-list-text\">Indemnizaciones por lesiones, da\u00f1os materiales y lucro cesante.<\/span>\n\t\t\t\t\t\t\t\t\t<\/li>\n\t\t\t\t\t\t<\/ul>\n\t\t\t\t\t\t<\/div>\n\t\t\t\t<\/div>\n\t\t\t\t<\/div>\n\t\t\t\t\t<\/div>\n\t\t\t\t<\/div>\n\t\t<div class=\"elementor-element elementor-element-474d220 e-flex e-con-boxed e-con e-parent\" data-id=\"474d220\" data-element_type=\"container\" data-e-type=\"container\">\n\t\t\t\t\t<div class=\"e-con-inner\">\n\t\t\t\t<div class=\"elementor-element elementor-element-c875efa elementor-widget elementor-widget-heading\" data-id=\"c875efa\" data-element_type=\"widget\" data-e-type=\"widget\" data-widget_type=\"heading.default\">\n\t\t\t\t<div class=\"elementor-widget-container\">\n\t\t\t\t\t<h2 class=\"elementor-heading-title elementor-size-default\">Enfoque Multidisciplinar para Cada Caso<\/h2>\t\t\t\t<\/div>\n\t\t\t\t<\/div>\n\t\t\t\t<div class=\"elementor-element elementor-element-da58bea elementor-widget elementor-widget-text-editor\" data-id=\"da58bea\" data-element_type=\"widget\" data-e-type=\"widget\" data-widget_type=\"text-editor.default\">\n\t\t\t\t<div class=\"elementor-widget-container\">\n\t\t\t\t\t\t\t\t\t<p>Entendemos que la necesaria y deseable especializaci\u00f3n no debe originar compartimentos estancos, de manera que una comprensi\u00f3n global del mundo del derecho es imprescindible para enfocar las soluciones m\u00e1s adecuadas. Por ello, los integrantes de BUFETE LATORRE hacen del trabajo en equipo la m\u00e1xima garant\u00eda de que la cuesti\u00f3n es analizada desde todas las perspectivas.<\/p>\t\t\t\t\t\t\t\t<\/div>\n\t\t\t\t<\/div>\n\t\t\t\t<div class=\"elementor-element elementor-element-d88b899 elementor-align-center elementor-widget elementor-widget-button\" data-id=\"d88b899\" data-element_type=\"widget\" data-e-type=\"widget\" data-widget_type=\"button.default\">\n\t\t\t\t<div class=\"elementor-widget-container\">\n\t\t\t\t\t\t\t\t\t<div class=\"elementor-button-wrapper\">\n\t\t\t\t\t<a class=\"elementor-button elementor-button-link elementor-size-sm\" href=\"https:\/\/bufetelatorre.es\/index.php\/contactos\/\">\n\t\t\t\t\t\t<span class=\"elementor-button-content-wrapper\">\n\t\t\t\t\t\t\t\t\t<span class=\"elementor-button-text\">Contacto<\/span>\n\t\t\t\t\t<\/span>\n\t\t\t\t\t<\/a>\n\t\t\t\t<\/div>\n\t\t\t\t\t\t\t\t<\/div>\n\t\t\t\t<\/div>\n\t\t\t\t\t<\/div>\n\t\t\t\t<\/div>\n\t\t\t\t<\/div>\n\t\t","protected":false},"excerpt":{"rendered":"<p>Tr\u00e1fico y Seguro Especialistas en responsabilidad civil y penal por accidentes Reclamaciones a aseguradoras. Indemnizaciones por lesiones, da\u00f1os materiales y lucro cesante. Enfoque Multidisciplinar para Cada Caso Entendemos que la necesaria y deseable especializaci\u00f3n no debe originar compartimentos estancos, de manera que una comprensi\u00f3n global del mundo del derecho es imprescindible para enfocar las soluciones [&hellip;]<\/p>\n","protected":false},"author":1,"featured_media":0,"parent":0,"menu_order":0,"comment_status":"closed","ping_status":"closed","template":"","meta":{"footnotes":""},"class_list":["post-440","page","type-page","status-publish","hentry"],"yoast_head":"<!-- This site is optimized with the Yoast SEO plugin v27.5 - https:\/\/yoast.com\/product\/yoast-seo-wordpress\/ -->\n<title>Tr\u00e1fico y Seguro - Bufete Latorre Abogados<\/title>\n<meta name=\"description\" content=\"Accidentes de tr\u00e1fico y seguros en C\u00e1diz. Abogados con experiencia en reclamaciones e indemnizaciones, con atenci\u00f3n cercana y defensa eficaz.\" \/>\n<meta name=\"robots\" content=\"index, follow, max-snippet:-1, max-image-preview:large, max-video-preview:-1\" \/>\n<link rel=\"canonical\" href=\"https:\/\/bufetelatorre.es\/es\/trafico-y-seguro\/\" \/>\n<meta property=\"og:locale\" content=\"es_ES\" \/>\n<meta property=\"og:type\" content=\"article\" \/>\n<meta property=\"og:title\" content=\"Tr\u00e1fico y Seguro - Bufete Latorre Abogados\" \/>\n<meta property=\"og:description\" content=\"Accidentes de tr\u00e1fico y seguros en C\u00e1diz. Abogados con experiencia en reclamaciones e indemnizaciones, con atenci\u00f3n cercana y defensa eficaz.\" \/>\n<meta property=\"og:url\" content=\"https:\/\/bufetelatorre.es\/es\/trafico-y-seguro\/\" \/>\n<meta property=\"og:site_name\" content=\"Bufete Latorre Abogados\" \/>\n<meta property=\"article:modified_time\" content=\"2025-12-26T23:28:42+00:00\" \/>\n<meta name=\"twitter:card\" content=\"summary_large_image\" \/>\n<meta name=\"twitter:label1\" content=\"Tiempo de lectura\" \/>\n\t<meta name=\"twitter:data1\" content=\"1 minuto\" \/>\n<script type=\"application\/ld+json\" class=\"yoast-schema-graph\">{\"@context\":\"https:\\\/\\\/schema.org\",\"@graph\":[{\"@type\":\"WebPage\",\"@id\":\"https:\\\/\\\/bufetelatorre.es\\\/trafico-y-seguro\\\/\",\"url\":\"https:\\\/\\\/bufetelatorre.es\\\/trafico-y-seguro\\\/\",\"name\":\"Tr\u00e1fico y Seguro - Bufete Latorre Abogados\",\"isPartOf\":{\"@id\":\"https:\\\/\\\/bufetelatorre.es\\\/#website\"},\"datePublished\":\"2025-05-12T10:27:00+00:00\",\"dateModified\":\"2025-12-26T23:28:42+00:00\",\"description\":\"Accidentes de tr\u00e1fico y seguros en C\u00e1diz. Abogados con experiencia en reclamaciones e indemnizaciones, con atenci\u00f3n cercana y defensa eficaz.\",\"breadcrumb\":{\"@id\":\"https:\\\/\\\/bufetelatorre.es\\\/trafico-y-seguro\\\/#breadcrumb\"},\"inLanguage\":\"es\",\"potentialAction\":[{\"@type\":\"ReadAction\",\"target\":[\"https:\\\/\\\/bufetelatorre.es\\\/trafico-y-seguro\\\/\"]}]},{\"@type\":\"BreadcrumbList\",\"@id\":\"https:\\\/\\\/bufetelatorre.es\\\/trafico-y-seguro\\\/#breadcrumb\",\"itemListElement\":[{\"@type\":\"ListItem\",\"position\":1,\"name\":\"Portada\",\"item\":\"https:\\\/\\\/bufetelatorre.es\\\/\"},{\"@type\":\"ListItem\",\"position\":2,\"name\":\"Tr\u00e1fico y Seguro\"}]},{\"@type\":\"WebSite\",\"@id\":\"https:\\\/\\\/bufetelatorre.es\\\/#website\",\"url\":\"https:\\\/\\\/bufetelatorre.es\\\/\",\"name\":\"Bufete Latorre Abogados\",\"description\":\"Despacho Abogados\",\"publisher\":{\"@id\":\"https:\\\/\\\/bufetelatorre.es\\\/#organization\"},\"potentialAction\":[{\"@type\":\"SearchAction\",\"target\":{\"@type\":\"EntryPoint\",\"urlTemplate\":\"https:\\\/\\\/bufetelatorre.es\\\/?s={search_term_string}\"},\"query-input\":{\"@type\":\"PropertyValueSpecification\",\"valueRequired\":true,\"valueName\":\"search_term_string\"}}],\"inLanguage\":\"es\"},{\"@type\":\"Organization\",\"@id\":\"https:\\\/\\\/bufetelatorre.es\\\/#organization\",\"name\":\"Bufete Latorre Abogados\",\"url\":\"https:\\\/\\\/bufetelatorre.es\\\/\",\"logo\":{\"@type\":\"ImageObject\",\"inLanguage\":\"es\",\"@id\":\"https:\\\/\\\/bufetelatorre.es\\\/#\\\/schema\\\/logo\\\/image\\\/\",\"url\":\"https:\\\/\\\/bufetelatorre.es\\\/wp-content\\\/uploads\\\/2025\\\/05\\\/cropped-cropped-cropped-Diseno-sin-titulo-3.png\",\"contentUrl\":\"https:\\\/\\\/bufetelatorre.es\\\/wp-content\\\/uploads\\\/2025\\\/05\\\/cropped-cropped-cropped-Diseno-sin-titulo-3.png\",\"width\":500,\"height\":160,\"caption\":\"Bufete Latorre Abogados\"},\"image\":{\"@id\":\"https:\\\/\\\/bufetelatorre.es\\\/#\\\/schema\\\/logo\\\/image\\\/\"}}]}<\/script>\n<!-- \/ Yoast SEO plugin. -->","yoast_head_json":{"title":"Tr\u00e1fico y Seguro - Bufete Latorre Abogados","description":"Accidentes de tr\u00e1fico y seguros en C\u00e1diz. Abogados con experiencia en reclamaciones e indemnizaciones, con atenci\u00f3n cercana y defensa eficaz.","robots":{"index":"index","follow":"follow","max-snippet":"max-snippet:-1","max-image-preview":"max-image-preview:large","max-video-preview":"max-video-preview:-1"},"canonical":"https:\/\/bufetelatorre.es\/es\/trafico-y-seguro\/","og_locale":"es_ES","og_type":"article","og_title":"Tr\u00e1fico y Seguro - Bufete Latorre Abogados","og_description":"Accidentes de tr\u00e1fico y seguros en C\u00e1diz. Abogados con experiencia en reclamaciones e indemnizaciones, con atenci\u00f3n cercana y defensa eficaz.","og_url":"https:\/\/bufetelatorre.es\/es\/trafico-y-seguro\/","og_site_name":"Bufete Latorre Abogados","article_modified_time":"2025-12-26T23:28:42+00:00","twitter_card":"summary_large_image","twitter_misc":{"Tiempo de lectura":"1 minuto"},"schema":{"@context":"https:\/\/schema.org","@graph":[{"@type":"WebPage","@id":"https:\/\/bufetelatorre.es\/trafico-y-seguro\/","url":"https:\/\/bufetelatorre.es\/trafico-y-seguro\/","name":"Tr\u00e1fico y Seguro - Bufete Latorre Abogados","isPartOf":{"@id":"https:\/\/bufetelatorre.es\/#website"},"datePublished":"2025-05-12T10:27:00+00:00","dateModified":"2025-12-26T23:28:42+00:00","description":"Accidentes de tr\u00e1fico y seguros en C\u00e1diz. Abogados con experiencia en reclamaciones e indemnizaciones, con atenci\u00f3n cercana y defensa eficaz.","breadcrumb":{"@id":"https:\/\/bufetelatorre.es\/trafico-y-seguro\/#breadcrumb"},"inLanguage":"es","potentialAction":[{"@type":"ReadAction","target":["https:\/\/bufetelatorre.es\/trafico-y-seguro\/"]}]},{"@type":"BreadcrumbList","@id":"https:\/\/bufetelatorre.es\/trafico-y-seguro\/#breadcrumb","itemListElement":[{"@type":"ListItem","position":1,"name":"Portada","item":"https:\/\/bufetelatorre.es\/"},{"@type":"ListItem","position":2,"name":"Tr\u00e1fico y Seguro"}]},{"@type":"WebSite","@id":"https:\/\/bufetelatorre.es\/#website","url":"https:\/\/bufetelatorre.es\/","name":"Bufete Latorre Abogados","description":"Despacho Abogados","publisher":{"@id":"https:\/\/bufetelatorre.es\/#organization"},"potentialAction":[{"@type":"SearchAction","target":{"@type":"EntryPoint","urlTemplate":"https:\/\/bufetelatorre.es\/?s={search_term_string}"},"query-input":{"@type":"PropertyValueSpecification","valueRequired":true,"valueName":"search_term_string"}}],"inLanguage":"es"},{"@type":"Organization","@id":"https:\/\/bufetelatorre.es\/#organization","name":"Bufete Latorre Abogados","url":"https:\/\/bufetelatorre.es\/","logo":{"@type":"ImageObject","inLanguage":"es","@id":"https:\/\/bufetelatorre.es\/#\/schema\/logo\/image\/","url":"https:\/\/bufetelatorre.es\/wp-content\/uploads\/2025\/05\/cropped-cropped-cropped-Diseno-sin-titulo-3.png","contentUrl":"https:\/\/bufetelatorre.es\/wp-content\/uploads\/2025\/05\/cropped-cropped-cropped-Diseno-sin-titulo-3.png","width":500,"height":160,"caption":"Bufete Latorre Abogados"},"image":{"@id":"https:\/\/bufetelatorre.es\/#\/schema\/logo\/image\/"}}]}},"_links":{"self":[{"href":"https:\/\/bufetelatorre.es\/es\/wp-json\/wp\/v2\/pages\/440","targetHints":{"allow":["GET"]}}],"collection":[{"href":"https:\/\/bufetelatorre.es\/es\/wp-json\/wp\/v2\/pages"}],"about":[{"href":"https:\/\/bufetelatorre.es\/es\/wp-json\/wp\/v2\/types\/page"}],"author":[{"embeddable":true,"href":"https:\/\/bufetelatorre.es\/es\/wp-json\/wp\/v2\/users\/1"}],"replies":[{"embeddable":true,"href":"https:\/\/bufetelatorre.es\/es\/wp-json\/wp\/v2\/comments?post=440"}],"version-history":[{"count":10,"href":"https:\/\/bufetelatorre.es\/es\/wp-json\/wp\/v2\/pages\/440\/revisions"}],"predecessor-version":[{"id":1039,"href":"https:\/\/bufetelatorre.es\/es\/wp-json\/wp\/v2\/pages\/440\/revisions\/1039"}],"wp:attachment":[{"href":"https:\/\/bufetelatorre.es\/es\/wp-json\/wp\/v2\/media?parent=440"}],"curies":[{"name":"wp","href":"https:\/\/api.w.org\/{rel}","templated":true}]}}