{"id":627,"date":"2025-05-26T10:55:43","date_gmt":"2025-05-26T10:55:43","guid":{"rendered":"https:\/\/bufetelatorre.rkinformatika.online\/?page_id=627"},"modified":"2025-05-26T11:00:30","modified_gmt":"2025-05-26T11:00:30","slug":"politica-de-proteccion-de-datos","status":"publish","type":"page","link":"https:\/\/bufetelatorre.es\/es\/politica-de-proteccion-de-datos\/","title":{"rendered":"POL\u00cdTICA DE PROTECCI\u00d3N DE DATOS"},"content":{"rendered":"\t\t<div data-elementor-type=\"wp-page\" data-elementor-id=\"627\" class=\"elementor elementor-627\" data-elementor-post-type=\"page\">\n\t\t\t\t<div class=\"elementor-element elementor-element-2e9512c e-flex e-con-boxed e-con e-parent\" data-id=\"2e9512c\" data-element_type=\"container\" data-e-type=\"container\">\n\t\t\t\t\t<div class=\"e-con-inner\">\n\t\t\t\t<div class=\"elementor-element elementor-element-f842837 elementor-widget elementor-widget-text-editor\" data-id=\"f842837\" data-element_type=\"widget\" data-e-type=\"widget\" data-widget_type=\"text-editor.default\">\n\t\t\t\t<div class=\"elementor-widget-container\">\n\t\t\t\t\t\t\t\t\t<h1>POL\u00cdTICA DE PROTECCI\u00d3N DE DATOS<\/h1>\n<p>A) INFORMACI\u00d3N CONFIDENCIAL: Se entiende por \u00abinformaci\u00f3n confidencial\u00bb toda aquella informaci\u00f3n o dato provisto por usted en nuestra web.<\/p>\n<p><\/p>\n<p>As\u00ed, a t\u00edtulo enunciativo, que no limitativo, se entiende como informaci\u00f3n confidencial toda informaci\u00f3n personal de forma no restrictiva: N\u00fameros de tel\u00e9fono, n\u00fameros de faxes, direcciones de correo electr\u00f3nico, direcciones de residencia, firmas, copias de pasaportes o documentos nacionales de identidad, detalles de tarjetas de cr\u00e9dito\/d\u00e9bito, preferencias personales, particularidades o cualquier otra informaci\u00f3n que le pertenezca y sea relevante para la contrataci\u00f3n o pago de la reserva de usted o del grupo en nombre del cual contrata.<\/p>\n<p><\/p>\n<p>En ning\u00fan caso tendr\u00e1 car\u00e1cter de confidencial la informaci\u00f3n referente a:<\/p>\n<p>\u00b7 Cualquier tema que aparezca de forma p\u00fablica o que pase a ser de dominio p\u00fablico a no ser que haya llegado a ser de dominio p\u00fablico a causa del incumplimiento de una de las partes.<\/p>\n<p>\u00b7 Cualquier informaci\u00f3n o conocimiento (Know-How) adquirido de terceros.<\/p>\n<p>\u00b7 Divulgaci\u00f3n requerida por Ley.<\/p>\n<p>\u00b7 Divulgaci\u00f3n de cualquier informaci\u00f3n a petici\u00f3n de Jueces o Tribunales.<\/p>\n<p>\u00b7 Informaci\u00f3n referente a datos econ\u00f3micos o de otra \u00edndole que deban ser aportados ante la Administraci\u00f3n estatal, local o auton\u00f3mica, por requerimientos fiscales, laborales o de contrataci\u00f3n administrativa.<\/p>\n<p><\/p>\n<p>B) ACCESO A DATOS PERSONALES<\/p>\n<p>INFORMACI\u00d3N<\/p>\n<p>\u00b7 Responsable del Tratamiento: <b>MIGUEL \u00c1NGEL LATORRE GIMENO<\/b><\/p>\n<p>\u00b7 Correo electr\u00f3nico: <b>ml@bufetelatorre.com<\/b><\/p>\n<p><\/p>\n<p>FINALIDAD<\/p>\n<p>ACTIVIDAD PRINCIPAL: ABOGADO Y ASESORAMIENTO LABORAL<\/p>\n<p><\/p>\n<p>La informaci\u00f3n aportada al formulario de contacto, o en su caso al registro como usuario, se entiende comunicada de modo veraz por parte del usuario de la web y solo ser\u00e1 recabada la adecuada, pertinente y no excesiva para atenderle como cliente y prestarle de forma correcta los servicios contratados, pero tambi\u00e9n en caso de contar con su consentimiento expreso, para gestionar lista de suscripciones, seguimientos, enviar boletines, promociones y ofertas especiales. Igualmente, para moderar y responder a comentarios de los usuarios de la web.<\/p>\n<p><\/p>\n<p>No ser\u00e1 utilizada la informaci\u00f3n para cumplir finalidades incompatibles con aquellas para las que nos la ha proporcionado. Si fuese a ser utilizada para una finalidad incompatible, se le proporcionar\u00e1 informaci\u00f3n, adem\u00e1s de solicitarle su consentimiento para ello.<\/p>\n<p><\/p>\n<p>No utilizaremos sus datos personales con la finalidad de tomar decisiones, basadas exclusivamente en el tratamiento automatizado sus datos, que puedan producir alg\u00fan efecto jur\u00eddico, salvo que sea necesaria para celebrar un contrato, lo consienta expl\u00edcitamente o lo autorice la Ley. Le garantizamos que respetamos las condiciones de uso establecidas legalmente y podremos desarrollar herramientas y algoritmos que ayuden a la web a garantizar confidencialidad de los datos que recoge.<\/p>\n<p><\/p>\n<p>Los datos personales son recabados habitualmente por diversas v\u00edas diversas en formato papel o electr\u00f3nico. Para el caso de que cont\u00e1ramos con informaci\u00f3n que pudiera provenir de terceras personas, le informaremos en la primera comunicaci\u00f3n o en un mes de plazo m\u00e1ximo. Con el fin de poder ofrecerle productos y servicios de acuerdo con sus intereses podremos elaborar un perfil comercial, con base en dicha informaci\u00f3n. Toda su informaci\u00f3n ser\u00e1 archivada en nuestros servidores y formar\u00e1n parte de nuestros Registros de Actividad de Tratamiento.<\/p>\n<p><\/p>\n<p>LEGITIMACI\u00d3N<\/p>\n<p>\u00b7 Consentimiento del Interesado<\/p>\n<p>\u00b7 Ejecuci\u00f3n de un Contrato<\/p>\n<p>\u00b7 Cumplimiento de una Obligaci\u00f3n legal<\/p>\n<p>\u00b7 Inter\u00e9s P\u00fablico o ejercicio de Poderes P\u00fablicos<\/p>\n<p>\u00b7 Inter\u00e9s leg\u00edtimo del responsable, o de un tercero<\/p>\n<p>\u00b7 Protecci\u00f3n de intereses vitales del interesado o de otra persona.<\/p>\n<p><\/p>\n<p><\/p>\n<p>CONSERVACI\u00d3N<\/p>\n<p>Sus datos ser\u00e1n conservados durante el tiempo necesario para cumplir con el servicio solicitado. Una vez cumplida dicha finalidad sus datos ser\u00e1n conservados debidamente bloqueados para poder cumplir con las obligaciones que legalmente vengan impuestas al responsable por la legislaci\u00f3n vigente. Transcurridos dichos plazos, sus datos ser\u00e1n borrados definitivamente salvo que nos solicite expresamente la portabilidad a tercero.<\/p>\n<p><\/p>\n<p>DESTINATARIOS\/COMUNICACIONES<\/p>\n<p>\u00b7 Hacienda P\u00fablica, Tesorer\u00eda General de la Seguridad Social o entidades Colaboradoras, u otras, por tratarse de un requisito legal.<\/p>\n<p>\u00b7 Tribunales de Justicia, Ministerio Fiscal o Fuerzas y Cuerpos de Seguridad del Estado, u otras, por tratarse de un requisito legal.<\/p>\n<p>\u00b7 Servicios fiscales y laborales<\/p>\n<p>\u00b7 Servicios de consultor\u00eda<\/p>\n<p>\u00b7 Servicios inform\u00e1ticos<\/p>\n<p>\u00b7 Transferencias Internacionales<\/p>\n<p><\/p>\n<p>DERECHOS<\/p>\n<p>Puede ejercer sus derechos de acceso, rectificaci\u00f3n, supresi\u00f3n y portabilidad de sus datos, y la limitaci\u00f3n u oposici\u00f3n al tratamiento en: AVDA. ANA DE VIYA, 7 &#8211; OFICINA 201 &#8211; 11009 C\u00c1DIZ.<\/p>\n<p>Igualmente si se encuentra en desacuerdo respecto a la gesti\u00f3n de la informaci\u00f3n tiene derecho a reclamar ante la Autoridad de Control en: www.aepd.es<\/p>\n<p><\/p>\n<p>PROCEDENCIA<\/p>\n<p>Los datos objeto de tratamiento proceden del interesado<\/p>\n<p><\/p>\n<p>NORMATIVA<\/p>\n<p>\u00b7 Reglamento General de Protecci\u00f3n de Datos 2016\/679<\/p>\n<p>\u00b7 Ley Org\u00e1nica 3\/2018 de Protecci\u00f3n de Datos<\/p>\t\t\t\t\t\t\t\t<\/div>\n\t\t\t\t<\/div>\n\t\t\t\t\t<\/div>\n\t\t\t\t<\/div>\n\t\t\t\t<\/div>\n\t\t","protected":false},"excerpt":{"rendered":"<p>POL\u00cdTICA DE PROTECCI\u00d3N DE DATOS A) INFORMACI\u00d3N CONFIDENCIAL: Se entiende por \u00abinformaci\u00f3n confidencial\u00bb toda aquella informaci\u00f3n o dato provisto por usted en nuestra web. As\u00ed, a t\u00edtulo enunciativo, que no limitativo, se entiende como informaci\u00f3n confidencial toda informaci\u00f3n personal de forma no restrictiva: N\u00fameros de tel\u00e9fono, n\u00fameros de faxes, direcciones de correo electr\u00f3nico, direcciones de [&hellip;]<\/p>\n","protected":false},"author":1,"featured_media":0,"parent":0,"menu_order":0,"comment_status":"closed","ping_status":"closed","template":"","meta":{"footnotes":""},"class_list":["post-627","page","type-page","status-publish","hentry"],"yoast_head":"<!-- This site is optimized with the Yoast SEO plugin v27.5 - https:\/\/yoast.com\/product\/yoast-seo-wordpress\/ -->\n<title>POL\u00cdTICA DE PROTECCI\u00d3N DE DATOS - Bufete Latorre Abogados<\/title>\n<meta name=\"robots\" content=\"index, follow, max-snippet:-1, max-image-preview:large, max-video-preview:-1\" \/>\n<link rel=\"canonical\" href=\"https:\/\/bufetelatorre.es\/es\/politica-de-proteccion-de-datos\/\" \/>\n<meta property=\"og:locale\" content=\"es_ES\" \/>\n<meta property=\"og:type\" content=\"article\" \/>\n<meta property=\"og:title\" content=\"POL\u00cdTICA DE PROTECCI\u00d3N DE DATOS - Bufete Latorre Abogados\" \/>\n<meta property=\"og:description\" content=\"POL\u00cdTICA DE PROTECCI\u00d3N DE DATOS A) INFORMACI\u00d3N CONFIDENCIAL: Se entiende por \u00abinformaci\u00f3n confidencial\u00bb toda aquella informaci\u00f3n o dato provisto por usted en nuestra web. As\u00ed, a t\u00edtulo enunciativo, que no limitativo, se entiende como informaci\u00f3n confidencial toda informaci\u00f3n personal de forma no restrictiva: N\u00fameros de tel\u00e9fono, n\u00fameros de faxes, direcciones de correo electr\u00f3nico, direcciones de [&hellip;]\" \/>\n<meta property=\"og:url\" content=\"https:\/\/bufetelatorre.es\/es\/politica-de-proteccion-de-datos\/\" \/>\n<meta property=\"og:site_name\" content=\"Bufete Latorre Abogados\" \/>\n<meta property=\"article:modified_time\" content=\"2025-05-26T11:00:30+00:00\" \/>\n<meta name=\"twitter:card\" content=\"summary_large_image\" \/>\n<meta name=\"twitter:label1\" content=\"Tiempo de lectura\" \/>\n\t<meta name=\"twitter:data1\" content=\"4 minutos\" \/>\n<script type=\"application\/ld+json\" class=\"yoast-schema-graph\">{\"@context\":\"https:\\\/\\\/schema.org\",\"@graph\":[{\"@type\":\"WebPage\",\"@id\":\"https:\\\/\\\/bufetelatorre.es\\\/politica-de-proteccion-de-datos\\\/\",\"url\":\"https:\\\/\\\/bufetelatorre.es\\\/politica-de-proteccion-de-datos\\\/\",\"name\":\"POL\u00cdTICA DE PROTECCI\u00d3N DE DATOS - Bufete Latorre Abogados\",\"isPartOf\":{\"@id\":\"https:\\\/\\\/bufetelatorre.es\\\/#website\"},\"datePublished\":\"2025-05-26T10:55:43+00:00\",\"dateModified\":\"2025-05-26T11:00:30+00:00\",\"breadcrumb\":{\"@id\":\"https:\\\/\\\/bufetelatorre.es\\\/politica-de-proteccion-de-datos\\\/#breadcrumb\"},\"inLanguage\":\"es\",\"potentialAction\":[{\"@type\":\"ReadAction\",\"target\":[\"https:\\\/\\\/bufetelatorre.es\\\/politica-de-proteccion-de-datos\\\/\"]}]},{\"@type\":\"BreadcrumbList\",\"@id\":\"https:\\\/\\\/bufetelatorre.es\\\/politica-de-proteccion-de-datos\\\/#breadcrumb\",\"itemListElement\":[{\"@type\":\"ListItem\",\"position\":1,\"name\":\"Portada\",\"item\":\"https:\\\/\\\/bufetelatorre.es\\\/\"},{\"@type\":\"ListItem\",\"position\":2,\"name\":\"POL\u00cdTICA DE PROTECCI\u00d3N DE DATOS\"}]},{\"@type\":\"WebSite\",\"@id\":\"https:\\\/\\\/bufetelatorre.es\\\/#website\",\"url\":\"https:\\\/\\\/bufetelatorre.es\\\/\",\"name\":\"Bufete Latorre Abogados\",\"description\":\"Despacho Abogados\",\"publisher\":{\"@id\":\"https:\\\/\\\/bufetelatorre.es\\\/#organization\"},\"potentialAction\":[{\"@type\":\"SearchAction\",\"target\":{\"@type\":\"EntryPoint\",\"urlTemplate\":\"https:\\\/\\\/bufetelatorre.es\\\/?s={search_term_string}\"},\"query-input\":{\"@type\":\"PropertyValueSpecification\",\"valueRequired\":true,\"valueName\":\"search_term_string\"}}],\"inLanguage\":\"es\"},{\"@type\":\"Organization\",\"@id\":\"https:\\\/\\\/bufetelatorre.es\\\/#organization\",\"name\":\"Bufete Latorre Abogados\",\"url\":\"https:\\\/\\\/bufetelatorre.es\\\/\",\"logo\":{\"@type\":\"ImageObject\",\"inLanguage\":\"es\",\"@id\":\"https:\\\/\\\/bufetelatorre.es\\\/#\\\/schema\\\/logo\\\/image\\\/\",\"url\":\"https:\\\/\\\/bufetelatorre.es\\\/wp-content\\\/uploads\\\/2025\\\/05\\\/cropped-cropped-cropped-Diseno-sin-titulo-3.png\",\"contentUrl\":\"https:\\\/\\\/bufetelatorre.es\\\/wp-content\\\/uploads\\\/2025\\\/05\\\/cropped-cropped-cropped-Diseno-sin-titulo-3.png\",\"width\":500,\"height\":160,\"caption\":\"Bufete Latorre Abogados\"},\"image\":{\"@id\":\"https:\\\/\\\/bufetelatorre.es\\\/#\\\/schema\\\/logo\\\/image\\\/\"}}]}<\/script>\n<!-- \/ Yoast SEO plugin. -->","yoast_head_json":{"title":"POL\u00cdTICA DE PROTECCI\u00d3N DE DATOS - Bufete Latorre Abogados","robots":{"index":"index","follow":"follow","max-snippet":"max-snippet:-1","max-image-preview":"max-image-preview:large","max-video-preview":"max-video-preview:-1"},"canonical":"https:\/\/bufetelatorre.es\/es\/politica-de-proteccion-de-datos\/","og_locale":"es_ES","og_type":"article","og_title":"POL\u00cdTICA DE PROTECCI\u00d3N DE DATOS - Bufete Latorre Abogados","og_description":"POL\u00cdTICA DE PROTECCI\u00d3N DE DATOS A) INFORMACI\u00d3N CONFIDENCIAL: Se entiende por \u00abinformaci\u00f3n confidencial\u00bb toda aquella informaci\u00f3n o dato provisto por usted en nuestra web. As\u00ed, a t\u00edtulo enunciativo, que no limitativo, se entiende como informaci\u00f3n confidencial toda informaci\u00f3n personal de forma no restrictiva: N\u00fameros de tel\u00e9fono, n\u00fameros de faxes, direcciones de correo electr\u00f3nico, direcciones de [&hellip;]","og_url":"https:\/\/bufetelatorre.es\/es\/politica-de-proteccion-de-datos\/","og_site_name":"Bufete Latorre Abogados","article_modified_time":"2025-05-26T11:00:30+00:00","twitter_card":"summary_large_image","twitter_misc":{"Tiempo de lectura":"4 minutos"},"schema":{"@context":"https:\/\/schema.org","@graph":[{"@type":"WebPage","@id":"https:\/\/bufetelatorre.es\/politica-de-proteccion-de-datos\/","url":"https:\/\/bufetelatorre.es\/politica-de-proteccion-de-datos\/","name":"POL\u00cdTICA DE PROTECCI\u00d3N DE DATOS - Bufete Latorre Abogados","isPartOf":{"@id":"https:\/\/bufetelatorre.es\/#website"},"datePublished":"2025-05-26T10:55:43+00:00","dateModified":"2025-05-26T11:00:30+00:00","breadcrumb":{"@id":"https:\/\/bufetelatorre.es\/politica-de-proteccion-de-datos\/#breadcrumb"},"inLanguage":"es","potentialAction":[{"@type":"ReadAction","target":["https:\/\/bufetelatorre.es\/politica-de-proteccion-de-datos\/"]}]},{"@type":"BreadcrumbList","@id":"https:\/\/bufetelatorre.es\/politica-de-proteccion-de-datos\/#breadcrumb","itemListElement":[{"@type":"ListItem","position":1,"name":"Portada","item":"https:\/\/bufetelatorre.es\/"},{"@type":"ListItem","position":2,"name":"POL\u00cdTICA DE PROTECCI\u00d3N DE DATOS"}]},{"@type":"WebSite","@id":"https:\/\/bufetelatorre.es\/#website","url":"https:\/\/bufetelatorre.es\/","name":"Bufete Latorre Abogados","description":"Despacho Abogados","publisher":{"@id":"https:\/\/bufetelatorre.es\/#organization"},"potentialAction":[{"@type":"SearchAction","target":{"@type":"EntryPoint","urlTemplate":"https:\/\/bufetelatorre.es\/?s={search_term_string}"},"query-input":{"@type":"PropertyValueSpecification","valueRequired":true,"valueName":"search_term_string"}}],"inLanguage":"es"},{"@type":"Organization","@id":"https:\/\/bufetelatorre.es\/#organization","name":"Bufete Latorre Abogados","url":"https:\/\/bufetelatorre.es\/","logo":{"@type":"ImageObject","inLanguage":"es","@id":"https:\/\/bufetelatorre.es\/#\/schema\/logo\/image\/","url":"https:\/\/bufetelatorre.es\/wp-content\/uploads\/2025\/05\/cropped-cropped-cropped-Diseno-sin-titulo-3.png","contentUrl":"https:\/\/bufetelatorre.es\/wp-content\/uploads\/2025\/05\/cropped-cropped-cropped-Diseno-sin-titulo-3.png","width":500,"height":160,"caption":"Bufete Latorre Abogados"},"image":{"@id":"https:\/\/bufetelatorre.es\/#\/schema\/logo\/image\/"}}]}},"_links":{"self":[{"href":"https:\/\/bufetelatorre.es\/es\/wp-json\/wp\/v2\/pages\/627","targetHints":{"allow":["GET"]}}],"collection":[{"href":"https:\/\/bufetelatorre.es\/es\/wp-json\/wp\/v2\/pages"}],"about":[{"href":"https:\/\/bufetelatorre.es\/es\/wp-json\/wp\/v2\/types\/page"}],"author":[{"embeddable":true,"href":"https:\/\/bufetelatorre.es\/es\/wp-json\/wp\/v2\/users\/1"}],"replies":[{"embeddable":true,"href":"https:\/\/bufetelatorre.es\/es\/wp-json\/wp\/v2\/comments?post=627"}],"version-history":[{"count":4,"href":"https:\/\/bufetelatorre.es\/es\/wp-json\/wp\/v2\/pages\/627\/revisions"}],"predecessor-version":[{"id":631,"href":"https:\/\/bufetelatorre.es\/es\/wp-json\/wp\/v2\/pages\/627\/revisions\/631"}],"wp:attachment":[{"href":"https:\/\/bufetelatorre.es\/es\/wp-json\/wp\/v2\/media?parent=627"}],"curies":[{"name":"wp","href":"https:\/\/api.w.org\/{rel}","templated":true}]}}